{"id":2,"date":"2021-08-18T14:51:32","date_gmt":"2021-08-18T12:51:32","guid":{"rendered":"http:\/\/www.jevousaimebyyohann.com\/?page_id=2"},"modified":"2021-08-20T09:35:54","modified_gmt":"2021-08-20T07:35:54","slug":"page-d-exemple","status":"publish","type":"page","link":"https:\/\/www.jevousaimebyyohann.com\/index.php\/page-d-exemple\/","title":{"rendered":"accueil"},"content":{"rendered":"\n<p>#JevousaimebyYohann r\u00e9sulte de ma volont\u00e9 de partage, ma volont\u00e9 d\u2019offrir le r\u00e9sultats de mes d\u00e9couvertes et&nbsp; coups de c\u0153urs sur le travail d\u2019artistes, d\u2019artisans du g\u00e9nie de la main et d\u2019entrepreneurs qui osent tenter de nous montrer d\u2019autres fa\u00e7ons d\u2019aborder le Monde actuel avec mes amis que je ne pouvais pas voir pour mon anniversaire et dont priv\u00e9 de leurs sourires et joies du au confinement&nbsp;!<\/p>\n\n\n\n<p>Je trouve essentiel de mettre en lumi\u00e8re ces \u00ab&nbsp;cr\u00e9atifs&nbsp;\u00bb qui nous propose des chemins vers des possibles plus respectueux du vivants et surtout plus imaginatif, et donc plus Humain&nbsp;!<\/p>\n\n\n\n<p>L\u2019Homme \u00e0 mon sens est avant tout imagination et sens&nbsp;!<\/p>\n\n\n\n<p>#JevousaimebyYohann est un projecteur sur ce qui a mon sens ne doit pas \u00eatre ignor\u00e9&nbsp;!<\/p>\n","protected":false},"excerpt":{"rendered":"<p>#JevousaimebyYohann r\u00e9sulte de ma volont\u00e9 de partage, ma volont\u00e9 d\u2019offrir le r\u00e9sultats de mes d\u00e9couvertes et&nbsp; coups de c\u0153urs sur le travail d\u2019artistes, d\u2019artisans du g\u00e9nie de la main et d\u2019entrepreneurs qui osent tenter de nous montrer d\u2019autres fa\u00e7ons d\u2019aborder le Monde actuel avec mes amis que je ne pouvais pas voir pour mon anniversaire [&hellip;]<\/p>\n","protected":false},"author":2,"featured_media":9,"parent":0,"menu_order":0,"comment_status":"closed","ping_status":"open","template":"","meta":[],"_links":{"self":[{"href":"https:\/\/www.jevousaimebyyohann.com\/index.php\/wp-json\/wp\/v2\/pages\/2"}],"collection":[{"href":"https:\/\/www.jevousaimebyyohann.com\/index.php\/wp-json\/wp\/v2\/pages"}],"about":[{"href":"https:\/\/www.jevousaimebyyohann.com\/index.php\/wp-json\/wp\/v2\/types\/page"}],"author":[{"embeddable":true,"href":"https:\/\/www.jevousaimebyyohann.com\/index.php\/wp-json\/wp\/v2\/users\/2"}],"replies":[{"embeddable":true,"href":"https:\/\/www.jevousaimebyyohann.com\/index.php\/wp-json\/wp\/v2\/comments?post=2"}],"version-history":[{"count":3,"href":"https:\/\/www.jevousaimebyyohann.com\/index.php\/wp-json\/wp\/v2\/pages\/2\/revisions"}],"predecessor-version":[{"id":17,"href":"https:\/\/www.jevousaimebyyohann.com\/index.php\/wp-json\/wp\/v2\/pages\/2\/revisions\/17"}],"wp:featuredmedia":[{"embeddable":true,"href":"https:\/\/www.jevousaimebyyohann.com\/index.php\/wp-json\/wp\/v2\/media\/9"}],"wp:attachment":[{"href":"https:\/\/www.jevousaimebyyohann.com\/index.php\/wp-json\/wp\/v2\/media?parent=2"}],"curies":[{"name":"wp","href":"https:\/\/api.w.org\/{rel}","templated":true}]}}